{"id":1,"date":"2019-09-05T08:43:56","date_gmt":"2019-09-05T08:43:56","guid":{"rendered":"http:\/\/schlicker-akademie.borgmeier.media\/?p=1"},"modified":"2025-07-31T08:43:49","modified_gmt":"2025-07-31T08:43:49","slug":"home","status":"publish","type":"page","link":"https:\/\/bewerbung.schlicker-akademie.de\/","title":{"rendered":"Home"},"content":{"rendered":"<h1>Du suchst<br class=\"uk-hidden@s\" \/> einen <br \/>krisensicheren<br class=\"uk-hidden@s\" \/> Job?<\/h1>\n<div>Dann komm jetzt in die Securitybranche!<br \/>\nWir bilden dich aus und bereiten dich optimal auf deinen neuen Job vor.\n<\/div>\n<h2>\n<p>100% Kosten\u00fcbernahme<br \/>durch den Bildungsgutschein<br \/>der Bundesgentur f\u00fcr Arbeit<\/p>\n<\/h2>\n<ul>\n<li>\n        <a href=\"https:\/\/schlicker-akademie.involve.me\/bewerbung-security\">Jetzt bewerben<\/a>\n    <\/li>\n<li>\n        <a href=\"https:\/\/www.schlicker-akademie.de\/kontakt\/\">Kontakt aufnehmen<\/a>\n    <\/li>\n<\/ul>\n<p><img decoding=\"async\" src=\"\/wp-content\/uploads\/2025\/06\/schlicker-akademie-schulung.png\" alt=\"\"><\/p>\n<div>\n<div style=\"height:20px;\"><\/div>\n<\/div>\n<h2>In drei einfachen Schritten <br class=\"uk-visible@s\" \/>zu neuen Jobchancen<\/h2>\n<ul>\n<li>\n<p><img decoding=\"async\" src=\"\/wp-content\/uploads\/2025\/01\/icon-fragen-1.png\" alt=\"\"><\/p>\n<div>Schritt 1<\/div>\n<p>Der 4-Fragen Check!<\/p>\n<div>Damit dein Start optimal gelingt, beantworte uns bitte zun\u00e4chst vier Fragen.<\/div>\n<\/li>\n<li>\n<p><img decoding=\"async\" src=\"\/wp-content\/uploads\/2025\/01\/icon-bewerbung-1.png\" alt=\"\"><\/p>\n<div>Schritt 2<\/div>\n<p>Kontaktdaten \u00fcbermitteln!<\/p>\n<div>\n<p>Gib nach den 4-Fragen-Check deine Daten an, damit wir dich kontaktieren k\u00f6nnen.\u00a0<\/p>\n<\/div>\n<\/li>\n<li>\n<p><img decoding=\"async\" src=\"\/wp-content\/uploads\/2025\/01\/icon-gespraech-1.png\" alt=\"\"><\/p>\n<div>Schritt 3<\/div>\n<p>\u00dcberzeuge uns!<\/p>\n<div>In einem pers\u00f6nlichen, vertraulichen Gespr\u00e4ch kl\u00e4ren wir alle weiteren Fragen.<\/div>\n<\/li>\n<\/ul>\n<p>[chevron-down]<\/p>\n<p>\n    <a href=\"https:\/\/schlicker-akademie.involve.me\/bewerbung-security\">Jetzt bewerben<\/a>\n<\/p>\n<div>\n<p>        <img decoding=\"async\" src=\"\/wp-content\/uploads\/2025\/01\/icon-schulung-1.png\" alt=\"\"><\/p>\n<h2>Warum die SCHLICKER AKADEMIE?<\/h2>\n<div>\n<p>\u2022 Ma\u00dfgeschneiderte Personalentwicklung<br \/>\u2022 Professionelles Coaching und Consulting<br \/>\u2022 Effektive Jobvermittlung<br \/>\u2022 Ganzheitliche Karriereunterst\u00fctzung<\/p>\n<\/div>\n<\/div>\n<div>\n<p>        <img decoding=\"async\" src=\"\/wp-content\/uploads\/2025\/01\/icon-schild-schloss-2.png\" alt=\"\"><\/p>\n<h2>Vorbereitungskurs  Sicherheitsbranche:<\/h2>\n<div>\u2022\t100% Kosten\u00fcbernahme<br \/>\n\u2022\tPraxisnahe Qualifikationen<br \/>\n\u2022\tBranchenspezifische Inhalte<br \/>\n\u2022\tErfahrene Trainer und Experten<br \/>\n\u2022\tSteigerung der Jobchancen<br \/>\n\u2022\tIndividuelle F\u00f6rderung\n<\/div>\n<\/div>\n<h2>Das sagen unsere<br \/> Teilnehmer<\/h2>\n<ul>\n<li>\n<p><img decoding=\"async\" src=\"\/wp-content\/uploads\/2024\/12\/image-320x320-1.jpg\" alt=\"\"><\/p>\n<div>Man Kit C.<\/div>\n<div>&#8222;Dank Dennis, habe ich es in kurzer Zeit geschafft meine Pr\u00fcfung zu bestehen. Im Anschluss habe ich sofort einen super Job gefunden.&#8220; <\/div>\n<p><a href=\"#\">@loremipsum<\/a><\/p>\n<\/li>\n<li>\n<p><img decoding=\"async\" src=\"\/wp-content\/uploads\/2025\/02\/Teilnehmerin.jpg\" alt=\"\"><\/p>\n<div>Monique K.<\/div>\n<div>&#8222;Ich habe nicht erwartet, dass der Unterricht so spannend und vielf\u00e4ltig sein kann.&#8220; <\/div>\n<p><a href=\"#\">@loremipsum<\/a><\/p>\n<\/li>\n<li>\n<p><img decoding=\"async\" src=\"\/wp-content\/uploads\/2024\/12\/image-320x320-3.jpg\" alt=\"\"><\/p>\n<div>Marc A. <\/div>\n<div>&#8222;Toller Dozent und eine sehr angenehme<br \/>\nAtmosph\u00e4re. Hier kommt man gerne her. Und die Pr\u00fcfung habe ich auch direkt bestanden.&#8220; <\/div>\n<p><a href=\"#\">@loremipsum<\/a><\/p>\n<\/li>\n<\/ul>\n<p><!--more--><br \/>\n<!-- {\"type\":\"layout\",\"children\":[{\"type\":\"section\",\"props\":{\"animation\":\"slide-bottom-small\",\"class\":\"hero-section\",\"header_transparent\":true,\"header_transparent_noplaceholder\":true,\"header_transparent_text_color\":\"light\",\"image_position\":\"bottom-center\",\"image_size\":\"cover\",\"padding\":\"xlarge\",\"padding_remove_bottom\":true,\"style\":\"default\",\"title_breakpoint\":\"xl\",\"title_position\":\"top-left\",\"title_rotation\":\"left\",\"vertical_align\":\"\",\"width\":\"default\"},\"children\":[{\"type\":\"row\",\"children\":[{\"type\":\"column\",\"props\":{\"image_position\":\"center-center\",\"position_sticky_breakpoint\":\"m\"},\"children\":[{\"type\":\"headline\",\"props\":{\"content\":\"Du suchst<br class=\\\"uk-hidden@s\\\" \\\/> einen <br \\\/>krisensicheren<br class=\\\"uk-hidden@s\\\" \\\/> Job?\",\"margin\":\"medium\",\"text_align\":\"center\",\"title_element\":\"h1\",\"title_style\":\"heading-medium\"}},{\"type\":\"text\",\"props\":{\"block_align\":\"center\",\"column_breakpoint\":\"m\",\"content\":\"Dann komm jetzt in die Securitybranche!<br \/>\\nWir bilden dich aus und bereiten dich optimal auf deinen neuen Job vor.<br \/>\\n\",\"margin\":\"\",\"maxwidth\":\"2xlarge\",\"text_align\":\"center\",\"text_style\":\"large\"}},{\"type\":\"headline\",\"props\":{\"content\":\"\n\n<p>100% Kosten\\u00fcbernahme<br \\\/>durch den Bildungsgutschein<br \\\/>der Bundesgentur f\\u00fcr Arbeit<\\\/p>\",\"margin\":\"medium\",\"text_align\":\"center\",\"title_element\":\"h2\",\"title_style\":\"h1\"}},{\"type\":\"button\",\"props\":{\"grid_column_gap\":\"small\",\"grid_row_gap\":\"small\",\"margin\":\"medium\",\"margin_remove_bottom\":false,\"position\":\"relative\",\"position_z_index\":\"1\",\"text_align\":\"center\"},\"children\":[{\"type\":\"button_item\",\"props\":{\"button_style\":\"primary\",\"content\":\"Jetzt bewerben\",\"icon\":\"\",\"icon_align\":\"left\",\"link\":\"https:\\\/\\\/schlicker-akademie.involve.me\\\/bewerbung-security\"}},{\"type\":\"button_item\",\"props\":{\"button_style\":\"default\",\"content\":\"Kontakt aufnehmen\",\"icon\":\"\",\"icon_align\":\"left\",\"link\":\"https:\\\/\\\/www.schlicker-akademie.de\\\/kontakt\\\/\",\"link_target\":\"blank\"}}]},{\"type\":\"divider\",\"props\":{\"css\":\".el-element {\\n    border-color: transparent;\\n}\",\"divider_element\":\"div\",\"margin\":\"large\"}},{\"type\":\"image\",\"props\":{\"image\":\"wp-content\\\/uploads\\\/2025\\\/06\\\/schlicker-akademie-schulung.png\",\"image_box_decoration\":\"primary\",\"image_svg_color\":\"emphasis\",\"margin\":\"default\"}}]}]}],\"name\":\"Hero\"},{\"type\":\"section\",\"props\":{\"image_position\":\"center-center\",\"padding\":\"large\",\"padding_remove_bottom\":true,\"padding_remove_top\":false,\"style\":\"default\",\"title_breakpoint\":\"xl\",\"title_position\":\"top-left\",\"title_rotation\":\"left\",\"vertical_align\":\"\",\"width\":\"small\"},\"children\":[{\"type\":\"row\",\"children\":[{\"type\":\"column\",\"props\":{\"image_position\":\"center-center\",\"position_sticky_breakpoint\":\"m\"},\"children\":[{\"type\":\"html\",\"props\":{\"content\":\"\n\n<div style=\\\"height:20px;\\\"><\\\/div>\",\"id\":\"bewerben\"}},{\"type\":\"headline\",\"props\":{\"content\":\"In drei einfachen Schritten <br class=\\\"uk-visible@s\\\" \\\/>zu neuen Jobchancen\",\"text_align\":\"center\",\"title_element\":\"h2\"}},{\"type\":\"grid\",\"props\":{\"content_column_breakpoint\":\"m\",\"filter_align\":\"left\",\"filter_all\":true,\"filter_grid_breakpoint\":\"m\",\"filter_grid_width\":\"auto\",\"filter_position\":\"top\",\"filter_style\":\"tab\",\"grid_column_gap\":\"small\",\"grid_default\":\"1\",\"grid_medium\":\"\",\"grid_small\":\"3\",\"icon_width\":80,\"image_align\":\"between\",\"image_grid_breakpoint\":\"m\",\"image_grid_width\":\"1-2\",\"image_height\":\"120\",\"image_margin\":\"medium\",\"image_svg_color\":\"emphasis\",\"image_width\":\"120\",\"item_animation\":true,\"link_margin\":\"medium\",\"link_style\":\"link-text\",\"link_text\":\"\",\"margin\":\"large\",\"margin_remove_bottom\":true,\"meta_align\":\"above-content\",\"meta_element\":\"h3\",\"meta_margin\":\"medium\",\"meta_style\":\"h5\",\"panel_link\":true,\"panel_padding\":\"default\",\"panel_style\":\"card-default\",\"parallax_easing\":\"1\",\"position\":\"relative\",\"position_z_index\":\"1\",\"show_content\":true,\"show_image\":true,\"show_link\":true,\"show_meta\":true,\"show_title\":true,\"text_align\":\"center\",\"title_align\":\"top\",\"title_element\":\"div\",\"title_grid_breakpoint\":\"m\",\"title_grid_width\":\"1-2\",\"title_hover_style\":\"reset\",\"title_style\":\"h6\"},\"children\":[{\"type\":\"grid_item\",\"props\":{\"content\":\"Damit dein Start optimal gelingt, beantworte uns bitte zun\\u00e4chst vier Fragen.\",\"image\":\"wp-content\\\/uploads\\\/2025\\\/01\\\/icon-fragen-1.png\",\"meta\":\"Der 4-Fragen Check!\",\"title\":\"Schritt 1\"}},{\"type\":\"grid_item\",\"props\":{\"content\":\"\n\n<p>Gib nach den 4-Fragen-Check deine Daten an, damit wir dich kontaktieren k\\u00f6nnen.\\u00a0<\\\/p>\",\"image\":\"wp-content\\\/uploads\\\/2025\\\/01\\\/icon-bewerbung-1.png\",\"meta\":\"Kontaktdaten \\u00fcbermitteln!\",\"title\":\"Schritt 2\"}},{\"type\":\"grid_item\",\"props\":{\"content\":\"In einem pers\\u00f6nlichen, vertraulichen Gespr\\u00e4ch kl\\u00e4ren wir alle weiteren Fragen.\",\"image\":\"wp-content\\\/uploads\\\/2025\\\/01\\\/icon-gespraech-1.png\",\"meta\":\"\\u00dcberzeuge uns!\",\"title\":\"Schritt 3\"}}]},{\"type\":\"icon\",\"props\":{\"icon\":\"chevron-down\",\"icon_color\":\"primary\",\"icon_width\":60,\"margin\":\"default\",\"margin_remove_bottom\":true,\"position_bottom\":\"-50\",\"text_align\":\"center\"}},{\"type\":\"button\",\"props\":{\"fullwidth\":true,\"grid_column_gap\":\"small\",\"grid_row_gap\":\"small\",\"margin\":\"medium\",\"margin_remove_bottom\":false,\"position\":\"relative\",\"position_z_index\":\"1\",\"text_align\":\"center\"},\"children\":[{\"type\":\"button_item\",\"props\":{\"button_style\":\"primary\",\"content\":\"Jetzt bewerben\",\"icon\":\"\",\"icon_align\":\"left\",\"link\":\"https:\\\/\\\/schlicker-akademie.involve.me\\\/bewerbung-security\"}}]}]}]}],\"name\":\"How It Works\"},{\"type\":\"section\",\"props\":{\"image_position\":\"center-center\",\"padding_remove_top\":true,\"style\":\"default\",\"title_breakpoint\":\"xl\",\"title_position\":\"top-left\",\"title_rotation\":\"left\",\"vertical_align\":\"middle\",\"width\":\"default\"},\"children\":[{\"type\":\"row\",\"children\":[{\"type\":\"column\",\"props\":{\"image_position\":\"center-center\",\"position_sticky_breakpoint\":\"m\"}}]}]},{\"type\":\"section\",\"props\":{\"image_position\":\"center-center\",\"padding_remove_bottom\":true,\"padding_remove_top\":false,\"style\":\"default\",\"title_breakpoint\":\"xl\",\"title_position\":\"top-left\",\"title_rotation\":\"left\",\"vertical_align\":\"\",\"width\":\"default\"},\"children\":[{\"type\":\"row\",\"children\":[{\"type\":\"column\",\"props\":{\"image_position\":\"center-center\",\"position_sticky_breakpoint\":\"m\"},\"children\":[{\"type\":\"image\",\"props\":{\"image\":\"\",\"image_height\":\"1200\",\"image_svg_color\":\"emphasis\",\"image_width\":\"1200\",\"margin\":\"default\",\"position\":\"absolute\",\"position_left\":\"500\",\"position_top\":\"-450\",\"position_z_index\":\"0\"}},{\"type\":\"image\",\"props\":{\"animation\":\"parallax\",\"image\":\"\",\"image_height\":\"1200\",\"image_svg_color\":\"emphasis\",\"image_width\":\"1200\",\"margin\":\"default\",\"parallax_easing\":\"1\",\"parallax_end\":\"50vh + 50%\",\"parallax_opacity\":\"0,1\",\"position\":\"absolute\",\"position_right\":\"600\",\"position_top\":\"1100\",\"position_z_index\":\"0\"}}]}]},{\"type\":\"row\",\"props\":{\"class\":\"break-on-tablet\",\"column_gap\":\"small\",\"layout\":\"1-2,1-2\",\"row_gap\":\"small\"},\"children\":[{\"type\":\"column\",\"props\":{\"image_position\":\"center-center\",\"order_first\":\"s\",\"position_sticky_breakpoint\":\"m\",\"width_small\":\"1-2\"},\"children\":[{\"type\":\"panel\",\"props\":{\"animation\":\"parallax\",\"content\":\"\n\n<p>\\u2022 Ma\\u00dfgeschneiderte Personalentwicklung<br \\\/>\\u2022 Professionelles Coaching und Consulting<br \\\/>\\u2022 Effektive Jobvermittlung<br \\\/>\\u2022 Ganzheitliche Karriereunterst\\u00fctzung<\\\/p>\",\"content_column_breakpoint\":\"m\",\"height_expand\":true,\"icon_width\":80,\"image\":\"wp-content\\\/uploads\\\/2025\\\/01\\\/icon-schulung-1.png\",\"image_align\":\"top\",\"image_grid_breakpoint\":\"m\",\"image_grid_width\":\"auto\",\"image_height\":120,\"image_svg_color\":\"emphasis\",\"image_vertical_align\":true,\"image_width\":120,\"link_fullwidth\":false,\"link_margin\":\"medium\",\"link_style\":\"text\",\"link_text\":\"Read More\",\"margin\":\"default\",\"meta_align\":\"below-title\",\"meta_element\":\"div\",\"meta_style\":\"text-meta\",\"panel_image_no_padding\":false,\"panel_padding\":\"large\",\"panel_style\":\"card-default\",\"parallax_breakpoint\":\"m\",\"parallax_easing\":\"0.5\",\"parallax_end\":\"100vh + 50%\",\"parallax_target\":\"!.tm-grid-expand\",\"parallax_y\":\"15vh,0\",\"title\":\"Warum die SCHLICKER AKADEMIE?\",\"title_align\":\"top\",\"title_element\":\"h2\",\"title_grid_breakpoint\":\"m\",\"title_grid_width\":\"1-2\",\"title_hover_style\":\"reset\",\"title_style\":\"h1\"}}]},{\"type\":\"column\",\"props\":{\"image_position\":\"center-center\",\"order_first\":\"xs\",\"position_sticky_breakpoint\":\"m\",\"width_small\":\"1-2\"},\"children\":[{\"type\":\"panel\",\"props\":{\"animation\":\"parallax\",\"content\":\"\\u2022\\t100% Kosten\\u00fcbernahme<br \/>\\n\\u2022\\tPraxisnahe Qualifikationen<br \/>\\n\\u2022\\tBranchenspezifische Inhalte<br \/>\\n\\u2022\\tErfahrene Trainer und Experten<br \/>\\n\\u2022\\tSteigerung der Jobchancen<br \/>\\n\\u2022\\tIndividuelle F\\u00f6rderung<br \/>\\n\",\"content_column_breakpoint\":\"m\",\"height_expand\":true,\"icon_width\":80,\"image\":\"wp-content\\\/uploads\\\/2025\\\/01\\\/icon-schild-schloss-2.png\",\"image_align\":\"top\",\"image_grid_breakpoint\":\"m\",\"image_grid_width\":\"auto\",\"image_height\":120,\"image_svg_color\":\"emphasis\",\"image_vertical_align\":true,\"image_width\":120,\"link_fullwidth\":false,\"link_margin\":\"medium\",\"link_style\":\"text\",\"link_text\":\"Read More\",\"margin\":\"default\",\"meta_align\":\"below-title\",\"meta_element\":\"div\",\"meta_style\":\"text-meta\",\"panel_image_no_padding\":false,\"panel_padding\":\"large\",\"panel_style\":\"card-primary\",\"parallax_breakpoint\":\"m\",\"parallax_easing\":\"0.5\",\"parallax_end\":\"100vh + 50%\",\"parallax_target\":\"!.tm-grid-expand\",\"parallax_y\":\"15vh,0\",\"title\":\"Vorbereitungskurs  Sicherheitsbranche:\",\"title_align\":\"top\",\"title_element\":\"h2\",\"title_grid_breakpoint\":\"m\",\"title_grid_width\":\"1-2\",\"title_hover_style\":\"reset\",\"title_style\":\"h1\"}}]}]}],\"name\":\"Features\"},{\"type\":\"section\",\"props\":{\"image_position\":\"center-center\",\"padding\":\"xlarge\",\"padding_remove_top\":false,\"style\":\"default\",\"title_breakpoint\":\"xl\",\"title_position\":\"top-left\",\"title_rotation\":\"left\",\"vertical_align\":\"\",\"width\":\"\"},\"children\":[{\"type\":\"row\",\"props\":{\"width\":\"default\"},\"children\":[{\"type\":\"column\",\"props\":{\"image_position\":\"center-center\",\"position_sticky_breakpoint\":\"m\"},\"children\":[{\"type\":\"headline\",\"props\":{\"content\":\"Das sagen unsere<br \/> Teilnehmer\",\"text_align\":\"center\",\"title_element\":\"h2\",\"title_style\":\"h1\"}}]}]},{\"type\":\"row\",\"children\":[{\"type\":\"column\",\"props\":{\"image_position\":\"center-center\",\"position_sticky_breakpoint\":\"m\"},\"children\":[{\"type\":\"html\",\"props\":{\"content\":\"<script defer async src='https:\\\/\\\/cdn.trustindex.io\\\/loader.js?3c16c8d487202373b46665544b2'><\\\/script>\",\"status\":\"disabled\"}},{\"type\":\"panel-slider\",\"props\":{\"content_align\":false,\"content_column_breakpoint\":\"m\",\"icon_width\":80,\"image_align\":\"top\",\"image_border\":\"circle\",\"image_grid_breakpoint\":\"m\",\"image_grid_width\":\"1-2\",\"image_svg_color\":\"emphasis\",\"image_width\":\"75\",\"link_style\":\"\",\"link_text\":\"Read more\",\"margin\":\"default\",\"meta_align\":\"below-title\",\"meta_element\":\"div\",\"meta_style\":\"text-meta\",\"nav\":\"\",\"nav_align\":\"center\",\"nav_breakpoint\":\"s\",\"panel_image_no_padding\":false,\"panel_match\":true,\"panel_padding\":\"large\",\"panel_style\":\"card-default\",\"show_content\":true,\"show_image\":true,\"show_link\":false,\"show_meta\":true,\"show_title\":true,\"slidenav\":\"default\",\"slidenav_breakpoint\":\"xl\",\"slidenav_hover\":true,\"slidenav_large\":true,\"slidenav_margin\":\"medium\",\"slidenav_outside_breakpoint\":\"xl\",\"slider_autoplay\":false,\"slider_autoplay_pause\":true,\"slider_center\":false,\"slider_divider\":true,\"slider_finite\":true,\"slider_gap\":\"small\",\"slider_sets\":false,\"slider_width\":\"fixed\",\"slider_width_default\":\"5-6\",\"slider_width_large\":\"1-2\",\"slider_width_medium\":\"1-3\",\"slider_width_small\":\"1-2\",\"slider_width_xlarge\":\"1-3\",\"title_align\":\"top\",\"title_element\":\"div\",\"title_grid_breakpoint\":\"m\",\"title_grid_width\":\"1-2\",\"title_hover_style\":\"reset\",\"title_margin\":\"medium\",\"title_style\":\"h5\"},\"children\":[{\"type\":\"panel-slider_item\",\"props\":{\"content\":\"\\\"Dank Dennis, habe ich es in kurzer Zeit geschafft meine Pr\\u00fcfung zu bestehen. Im Anschluss habe ich sofort einen super Job gefunden.\\\" \",\"image\":\"wp-content\\\/uploads\\\/2024\\\/12\\\/image-320x320-1.jpg\",\"link\":\"#\",\"link_text\":\"@loremipsum\",\"title\":\"Man Kit C.\"}},{\"type\":\"panel-slider_item\",\"props\":{\"content\":\"\\\"Ich habe nicht erwartet, dass der Unterricht so spannend und vielf\\u00e4ltig sein kann.\\\" \",\"image\":\"wp-content\\\/uploads\\\/2025\\\/02\\\/Teilnehmerin.jpg\",\"link\":\"#\",\"link_text\":\"@loremipsum\",\"title\":\"Monique K.\"}},{\"type\":\"panel-slider_item\",\"props\":{\"content\":\"\\\"Toller Dozent und eine sehr angenehme \\nAtmosph\\u00e4re. Hier kommt man gerne her. Und die Pr\\u00fcfung habe ich auch direkt bestanden.\\\" \",\"image\":\"wp-content\\\/uploads\\\/2024\\\/12\\\/image-320x320-3.jpg\",\"link\":\"#\",\"link_text\":\"@loremipsum\",\"title\":\"Marc A. \"}}]}]}],\"props\":{\"margin\":\"large\"}}],\"name\":\"Reviews\"}],\"version\":\"4.4.12\"} --><\/p>\n","protected":false},"excerpt":{"rendered":"<p>Du suchst einen krisensicheren Job? Dann komm jetzt in die Securitybranche! Wir bilden dich aus und bereiten dich optimal auf deinen neuen Job vor. 100% Kosten\u00fcbernahmedurch den Bildungsgutscheinder Bundesgentur f\u00fcr Arbeit Jetzt bewerben Kontakt aufnehmen In drei einfachen Schritten zu neuen Jobchancen Schritt 1 Der 4-Fragen Check! Damit dein Start optimal gelingt, beantworte uns bitte [&hellip;]<\/p>\n","protected":false},"author":2,"featured_media":0,"parent":0,"menu_order":11,"comment_status":"open","ping_status":"open","template":"","meta":{"_acf_changed":false,"footnotes":""},"class_list":["post-1","page","type-page","status-publish","hentry"],"acf":[],"yoast_head":"<!-- This site is optimized with the Yoast SEO plugin v27.5 - https:\/\/yoast.com\/product\/yoast-seo-wordpress\/ -->\n<title>Krisensichere Jobs bei der Schlicker Akademie<\/title>\n<meta name=\"description\" content=\"Suchst du einen Job in der Sicherheitsbranche? Vielleicht suchen wir genau dich! Beantworte vier Fragen und bewirb dich damit f\u00fcr das Training!\" \/>\n<meta name=\"robots\" content=\"index, follow, max-snippet:-1, max-image-preview:large, max-video-preview:-1\" \/>\n<link rel=\"canonical\" href=\"https:\/\/bewerbung.schlicker-akademie.de\/\" \/>\n<meta property=\"og:locale\" content=\"de_DE\" \/>\n<meta property=\"og:type\" content=\"article\" \/>\n<meta property=\"og:title\" content=\"Krisensichere Jobs bei der Schlicker Akademie\" \/>\n<meta property=\"og:description\" content=\"Suchst du einen Job in der Sicherheitsbranche? Vielleicht suchen wir genau dich! Beantworte vier Fragen und bewirb dich damit f\u00fcr das Training!\" \/>\n<meta property=\"og:url\" content=\"https:\/\/bewerbung.schlicker-akademie.de\/\" \/>\n<meta property=\"og:site_name\" content=\"SCHLICKER AKADEMIE\" \/>\n<meta property=\"article:modified_time\" content=\"2025-07-31T08:43:49+00:00\" \/>\n<meta name=\"twitter:card\" content=\"summary_large_image\" \/>\n<meta name=\"twitter:label1\" content=\"Gesch\u00e4tzte Lesezeit\" \/>\n\t<meta name=\"twitter:data1\" content=\"3\u00a0Minuten\" \/>\n<script type=\"application\/ld+json\" class=\"yoast-schema-graph\">{\"@context\":\"https:\\\/\\\/schema.org\",\"@graph\":[{\"@type\":\"WebPage\",\"@id\":\"https:\\\/\\\/bewerbung.schlicker-akademie.de\\\/\",\"url\":\"https:\\\/\\\/bewerbung.schlicker-akademie.de\\\/\",\"name\":\"Krisensichere Jobs bei der Schlicker Akademie\",\"isPartOf\":{\"@id\":\"https:\\\/\\\/bewerbung.schlicker-akademie.de\\\/#website\"},\"datePublished\":\"2019-09-05T08:43:56+00:00\",\"dateModified\":\"2025-07-31T08:43:49+00:00\",\"description\":\"Suchst du einen Job in der Sicherheitsbranche? Vielleicht suchen wir genau dich! Beantworte vier Fragen und bewirb dich damit f\u00fcr das Training!\",\"breadcrumb\":{\"@id\":\"https:\\\/\\\/bewerbung.schlicker-akademie.de\\\/#breadcrumb\"},\"inLanguage\":\"de\",\"potentialAction\":[{\"@type\":\"ReadAction\",\"target\":[\"https:\\\/\\\/bewerbung.schlicker-akademie.de\\\/\"]}]},{\"@type\":\"BreadcrumbList\",\"@id\":\"https:\\\/\\\/bewerbung.schlicker-akademie.de\\\/#breadcrumb\",\"itemListElement\":[{\"@type\":\"ListItem\",\"position\":1,\"name\":\"Home\",\"item\":\"https:\\\/\\\/bewerbung.schlicker-akademie.de\\\/\"},{\"@type\":\"ListItem\",\"position\":2,\"name\":\"Home\"}]},{\"@type\":\"WebSite\",\"@id\":\"https:\\\/\\\/bewerbung.schlicker-akademie.de\\\/#website\",\"url\":\"https:\\\/\\\/bewerbung.schlicker-akademie.de\\\/\",\"name\":\"SCHLICKER AKADEMIE\",\"description\":\"\",\"potentialAction\":[{\"@type\":\"SearchAction\",\"target\":{\"@type\":\"EntryPoint\",\"urlTemplate\":\"https:\\\/\\\/bewerbung.schlicker-akademie.de\\\/?s={search_term_string}\"},\"query-input\":{\"@type\":\"PropertyValueSpecification\",\"valueRequired\":true,\"valueName\":\"search_term_string\"}}],\"inLanguage\":\"de\"}]}<\/script>\n<!-- \/ Yoast SEO plugin. -->","yoast_head_json":{"title":"Krisensichere Jobs bei der Schlicker Akademie","description":"Suchst du einen Job in der Sicherheitsbranche? Vielleicht suchen wir genau dich! Beantworte vier Fragen und bewirb dich damit f\u00fcr das Training!","robots":{"index":"index","follow":"follow","max-snippet":"max-snippet:-1","max-image-preview":"max-image-preview:large","max-video-preview":"max-video-preview:-1"},"canonical":"https:\/\/bewerbung.schlicker-akademie.de\/","og_locale":"de_DE","og_type":"article","og_title":"Krisensichere Jobs bei der Schlicker Akademie","og_description":"Suchst du einen Job in der Sicherheitsbranche? Vielleicht suchen wir genau dich! Beantworte vier Fragen und bewirb dich damit f\u00fcr das Training!","og_url":"https:\/\/bewerbung.schlicker-akademie.de\/","og_site_name":"SCHLICKER AKADEMIE","article_modified_time":"2025-07-31T08:43:49+00:00","twitter_card":"summary_large_image","twitter_misc":{"Gesch\u00e4tzte Lesezeit":"3\u00a0Minuten"},"schema":{"@context":"https:\/\/schema.org","@graph":[{"@type":"WebPage","@id":"https:\/\/bewerbung.schlicker-akademie.de\/","url":"https:\/\/bewerbung.schlicker-akademie.de\/","name":"Krisensichere Jobs bei der Schlicker Akademie","isPartOf":{"@id":"https:\/\/bewerbung.schlicker-akademie.de\/#website"},"datePublished":"2019-09-05T08:43:56+00:00","dateModified":"2025-07-31T08:43:49+00:00","description":"Suchst du einen Job in der Sicherheitsbranche? Vielleicht suchen wir genau dich! Beantworte vier Fragen und bewirb dich damit f\u00fcr das Training!","breadcrumb":{"@id":"https:\/\/bewerbung.schlicker-akademie.de\/#breadcrumb"},"inLanguage":"de","potentialAction":[{"@type":"ReadAction","target":["https:\/\/bewerbung.schlicker-akademie.de\/"]}]},{"@type":"BreadcrumbList","@id":"https:\/\/bewerbung.schlicker-akademie.de\/#breadcrumb","itemListElement":[{"@type":"ListItem","position":1,"name":"Home","item":"https:\/\/bewerbung.schlicker-akademie.de\/"},{"@type":"ListItem","position":2,"name":"Home"}]},{"@type":"WebSite","@id":"https:\/\/bewerbung.schlicker-akademie.de\/#website","url":"https:\/\/bewerbung.schlicker-akademie.de\/","name":"SCHLICKER AKADEMIE","description":"","potentialAction":[{"@type":"SearchAction","target":{"@type":"EntryPoint","urlTemplate":"https:\/\/bewerbung.schlicker-akademie.de\/?s={search_term_string}"},"query-input":{"@type":"PropertyValueSpecification","valueRequired":true,"valueName":"search_term_string"}}],"inLanguage":"de"}]}},"_links":{"self":[{"href":"https:\/\/bewerbung.schlicker-akademie.de\/index.php?rest_route=\/wp\/v2\/pages\/1","targetHints":{"allow":["GET"]}}],"collection":[{"href":"https:\/\/bewerbung.schlicker-akademie.de\/index.php?rest_route=\/wp\/v2\/pages"}],"about":[{"href":"https:\/\/bewerbung.schlicker-akademie.de\/index.php?rest_route=\/wp\/v2\/types\/page"}],"author":[{"embeddable":true,"href":"https:\/\/bewerbung.schlicker-akademie.de\/index.php?rest_route=\/wp\/v2\/users\/2"}],"replies":[{"embeddable":true,"href":"https:\/\/bewerbung.schlicker-akademie.de\/index.php?rest_route=%2Fwp%2Fv2%2Fcomments&post=1"}],"version-history":[{"count":94,"href":"https:\/\/bewerbung.schlicker-akademie.de\/index.php?rest_route=\/wp\/v2\/pages\/1\/revisions"}],"predecessor-version":[{"id":2373,"href":"https:\/\/bewerbung.schlicker-akademie.de\/index.php?rest_route=\/wp\/v2\/pages\/1\/revisions\/2373"}],"wp:attachment":[{"href":"https:\/\/bewerbung.schlicker-akademie.de\/index.php?rest_route=%2Fwp%2Fv2%2Fmedia&parent=1"}],"curies":[{"name":"wp","href":"https:\/\/api.w.org\/{rel}","templated":true}]}}